{"id":17,"date":"2025-06-18T21:53:21","date_gmt":"2025-06-18T21:53:21","guid":{"rendered":"https:\/\/alvaroestada.es\/blog\/?page_id=17"},"modified":"2025-06-19T00:47:42","modified_gmt":"2025-06-19T00:47:42","slug":"services","status":"publish","type":"page","link":"https:\/\/alvaroestada.es\/blog\/services\/","title":{"rendered":"Services"},"content":{"rendered":"\n<div class=\"wp-block-uagb-container uagb-block-e5972208 alignfull uagb-is-root-container\"><div class=\"uagb-container-inner-blocks-wrap\">\n<div class=\"wp-block-uagb-advanced-heading uagb-block-b371cc12\"><p class=\"uagb-desc-text\">Impulsa tu carrera<\/p><h1 class=\"uagb-heading-text\">\u00bfCon qu\u00e9 te puedo ayudar?<\/h1><\/div>\n<\/div><\/div>\n\n\n\n<div class=\"wp-block-uagb-container uagb-block-edca4a69 alignfull uagb-is-root-container\"><div class=\"uagb-container-inner-blocks-wrap\">\n<div class=\"wp-block-uagb-container uagb-layout-grid uagb-block-53eeea40\">\n<div class=\"wp-block-uagb-container uagb-block-66ce8d2d\">\n<div class=\"wp-block-uagb-info-box uagb-block-68e6db93 uagb-infobox__content-wrap  uagb-infobox-icon-above-title uagb-infobox-image-valign-top\"><div class=\"uagb-ifb-content\"><div class=\"uagb-ifb-title-wrap\"><span class=\"uagb-ifb-title-prefix\">01.<\/span><h2 class=\"uagb-ifb-title\">Estrategia y gesti\u00f3n de marketing digital<\/h2><\/div><p class=\"uagb-ifb-desc\">Dise\u00f1o e implementaci\u00f3n de estrategias digitales personalizadas que conectan con tu audiencia y generan resultados. Desde la planificaci\u00f3n de campa\u00f1as hasta su an\u00e1lisis, utilizando herramientas no-code que agilizan procesos sin necesidad de programar.<\/p><\/div><\/div>\n<\/div>\n\n\n\n<div class=\"wp-block-uagb-image uagb-block-185affb3 wp-block-uagb-image--layout-default wp-block-uagb-image--effect-static wp-block-uagb-image--align-none\"><figure class=\"wp-block-uagb-image__figure\"><img loading=\"lazy\" decoding=\"async\" srcset=\"https:\/\/alvaroestada.es\/blog\/wp-content\/uploads\/2024\/05\/services-01.jpg ,https:\/\/alvaroestada.es\/blog\/wp-content\/uploads\/2024\/05\/services-01.jpg 780w, https:\/\/alvaroestada.es\/blog\/wp-content\/uploads\/2024\/05\/services-01.jpg 360w\" sizes=\"auto, (max-width: 480px) 150px\" src=\"https:\/\/alvaroestada.es\/blog\/wp-content\/uploads\/2024\/05\/services-01.jpg\" alt=\"\" class=\"uag-image-46\" width=\"600\" height=\"400\" title=\"services-01\" loading=\"lazy\" role=\"img\"\/><\/figure><\/div>\n<\/div>\n\n\n\n<div class=\"wp-block-uagb-container uagb-layout-grid uagb-block-b255260d\">\n<div class=\"wp-block-uagb-image uagb-block-b86a27d4 wp-block-uagb-image--layout-default wp-block-uagb-image--effect-static wp-block-uagb-image--align-none\"><figure class=\"wp-block-uagb-image__figure\"><img loading=\"lazy\" decoding=\"async\" srcset=\"https:\/\/alvaroestada.es\/blog\/wp-content\/uploads\/2024\/05\/services-02.jpg ,https:\/\/alvaroestada.es\/blog\/wp-content\/uploads\/2024\/05\/services-02.jpg 780w, https:\/\/alvaroestada.es\/blog\/wp-content\/uploads\/2024\/05\/services-02.jpg 360w\" sizes=\"auto, (max-width: 480px) 150px\" src=\"https:\/\/alvaroestada.es\/blog\/wp-content\/uploads\/2024\/05\/services-02.jpg\" alt=\"\" class=\"uag-image-56\" width=\"600\" height=\"400\" title=\"services-02\" loading=\"lazy\" role=\"img\"\/><\/figure><\/div>\n\n\n\n<div class=\"wp-block-uagb-container uagb-block-06f958a5\">\n<div class=\"wp-block-uagb-info-box uagb-block-eda0d834 uagb-infobox__content-wrap  uagb-infobox-icon-above-title uagb-infobox-image-valign-top\"><div class=\"uagb-ifb-content\"><div class=\"uagb-ifb-title-wrap\"><span class=\"uagb-ifb-title-prefix\">02.<\/span><h2 class=\"uagb-ifb-title\"><strong>Dise\u00f1o y desarrollo web con WordPress<\/strong><\/h2><\/div><p class=\"uagb-ifb-desc\">Creaci\u00f3n de p\u00e1ginas web profesionales, optimizadas para conversi\u00f3n, velocidad y experiencia de usuario. Trabajo con WordPress y constructores visuales como Elementor, sin necesidad de c\u00f3digo, ideal para negocios que quieren autonom\u00eda y resultados r\u00e1pidos.<\/p><\/div><\/div>\n<\/div>\n<\/div>\n\n\n\n<div class=\"wp-block-uagb-container uagb-layout-grid uagb-block-13bfb87f\">\n<div class=\"wp-block-uagb-container uagb-block-698e6038\">\n<div class=\"wp-block-uagb-info-box uagb-block-54640af0 uagb-infobox__content-wrap  uagb-infobox-icon-above-title uagb-infobox-image-valign-top\"><div class=\"uagb-ifb-content\"><div class=\"uagb-ifb-title-wrap\"><span class=\"uagb-ifb-title-prefix\">03.<\/span><h2 class=\"uagb-ifb-title\">Automatizaci\u00f3n de procesos digitales<\/h2><\/div><p class=\"uagb-ifb-desc\">Implementaci\u00f3n de flujos autom\u00e1ticos que ahorran tiempo y recursos en tareas repetitivas: desde captaci\u00f3n de leads hasta env\u00edos autom\u00e1ticos de emails. Utilizo herramientas como Make o Zapier para conectar tus apps sin escribir una sola l\u00ednea de c\u00f3digo.<\/p><\/div><\/div>\n<\/div>\n\n\n\n<div class=\"wp-block-uagb-image uagb-block-945a1bf4 wp-block-uagb-image--layout-default wp-block-uagb-image--effect-static wp-block-uagb-image--align-none\"><figure class=\"wp-block-uagb-image__figure\"><img loading=\"lazy\" decoding=\"async\" srcset=\"https:\/\/alvaroestada.es\/blog\/wp-content\/uploads\/2024\/05\/services-03.jpg ,https:\/\/alvaroestada.es\/blog\/wp-content\/uploads\/2024\/05\/services-03.jpg 780w, https:\/\/alvaroestada.es\/blog\/wp-content\/uploads\/2024\/05\/services-03.jpg 360w\" sizes=\"auto, (max-width: 480px) 150px\" src=\"https:\/\/alvaroestada.es\/blog\/wp-content\/uploads\/2024\/05\/services-03.jpg\" alt=\"\" class=\"uag-image-47\" width=\"600\" height=\"400\" title=\"services-03\" loading=\"lazy\" role=\"img\"\/><\/figure><\/div>\n<\/div>\n\n\n\n<div class=\"wp-block-uagb-container uagb-layout-grid uagb-block-98083caf\">\n<div class=\"wp-block-uagb-image uagb-block-8b2a76cc wp-block-uagb-image--layout-default wp-block-uagb-image--effect-static wp-block-uagb-image--align-none\"><figure class=\"wp-block-uagb-image__figure\"><img loading=\"lazy\" decoding=\"async\" srcset=\"https:\/\/alvaroestada.es\/blog\/wp-content\/uploads\/2024\/05\/services-04.jpg ,https:\/\/alvaroestada.es\/blog\/wp-content\/uploads\/2024\/05\/services-04.jpg 780w, https:\/\/alvaroestada.es\/blog\/wp-content\/uploads\/2024\/05\/services-04.jpg 360w\" sizes=\"auto, (max-width: 480px) 150px\" src=\"https:\/\/alvaroestada.es\/blog\/wp-content\/uploads\/2024\/05\/services-04.jpg\" alt=\"\" class=\"uag-image-57\" width=\"600\" height=\"400\" title=\"services-04\" loading=\"lazy\" role=\"img\"\/><\/figure><\/div>\n\n\n\n<div class=\"wp-block-uagb-container uagb-block-9627d3ce\">\n<div class=\"wp-block-uagb-info-box uagb-block-d2e51d04 uagb-infobox__content-wrap  uagb-infobox-icon-above-title uagb-infobox-image-valign-top\"><div class=\"uagb-ifb-content\"><div class=\"uagb-ifb-title-wrap\"><span class=\"uagb-ifb-title-prefix\">04.<\/span><h2 class=\"uagb-ifb-title\">Integraci\u00f3n de herramientas con inteligencia artificial<\/h2><\/div><p class=\"uagb-ifb-desc\">Aplicaci\u00f3n de soluciones de IA en entornos de marketing, productividad y experiencia de usuario. Desde asistentes autom\u00e1ticos hasta an\u00e1lisis de datos y generaci\u00f3n de contenido inteligente. Aprovecha el poder de la IA sin conocimientos t\u00e9cnicos.<\/p><\/div><\/div>\n<\/div>\n<\/div>\n<\/div><\/div>\n\n\n\n<div class=\"wp-block-uagb-container uagb-block-353480fd alignfull uagb-is-root-container\"><div class=\"uagb-container-inner-blocks-wrap\">\n<div class=\"wp-block-uagb-info-box uagb-block-289af9f9 uagb-infobox__content-wrap  uagb-infobox-icon-above-title uagb-infobox-image-valign-top\"><div class=\"uagb-ifb-content\"><div class=\"uagb-ifb-title-wrap\"><h2 class=\"uagb-ifb-title\">Transforma tu futuro corporativo hoy mismo<\/h2><\/div><p class=\"uagb-ifb-desc\">Contacta conmigo y comienza a destacar en el competitivo mercado laboral.<\/p><div class=\"uagb-ifb-button-wrapper wp-block-button\"><a href=\"https:\/\/wa.link\/3gd1ao\" class=\"uagb-infobox-cta-link wp-block-button__link\" target=\"_blank\" rel=\"noopener noreferrer\" onclick=\"return true;\"><span class=\"uagb-inline-editing\">Comienza Ahora<\/span><\/a><\/div><\/div><\/div>\n<\/div><\/div>\n","protected":false},"excerpt":{"rendered":"<p>Impulsa tu carrera \u00bfCon qu\u00e9 te puedo ayudar?<\/p>\n","protected":false},"author":1,"featured_media":0,"parent":0,"menu_order":0,"comment_status":"closed","ping_status":"closed","template":"","meta":{"_uag_custom_page_level_css":"","site-sidebar-layout":"default","site-content-layout":"","ast-site-content-layout":"default","site-content-style":"default","site-sidebar-style":"default","ast-global-header-display":"","ast-banner-title-visibility":"","ast-main-header-display":"","ast-hfb-above-header-display":"","ast-hfb-below-header-display":"","ast-hfb-mobile-header-display":"","site-post-title":"disabled","ast-breadcrumbs-content":"","ast-featured-img":"","footer-sml-layout":"","ast-disable-related-posts":"","theme-transparent-header-meta":"","adv-header-id-meta":"","stick-header-meta":"","header-above-stick-meta":"","header-main-stick-meta":"","header-below-stick-meta":"","astra-migrate-meta-layouts":"default","ast-page-background-enabled":"default","ast-page-background-meta":{"desktop":{"background-color":"var(--ast-global-color-4)","background-image":"","background-repeat":"repeat","background-position":"center center","background-size":"auto","background-attachment":"scroll","background-type":"","background-media":"","overlay-type":"","overlay-color":"","overlay-opacity":"","overlay-gradient":""},"tablet":{"background-color":"","background-image":"","background-repeat":"repeat","background-position":"center center","background-size":"auto","background-attachment":"scroll","background-type":"","background-media":"","overlay-type":"","overlay-color":"","overlay-opacity":"","overlay-gradient":""},"mobile":{"background-color":"","background-image":"","background-repeat":"repeat","background-position":"center center","background-size":"auto","background-attachment":"scroll","background-type":"","background-media":"","overlay-type":"","overlay-color":"","overlay-opacity":"","overlay-gradient":""}},"ast-content-background-meta":{"desktop":{"background-color":"var(--ast-global-color-5)","background-image":"","background-repeat":"repeat","background-position":"center center","background-size":"auto","background-attachment":"scroll","background-type":"","background-media":"","overlay-type":"","overlay-color":"","overlay-opacity":"","overlay-gradient":""},"tablet":{"background-color":"var(--ast-global-color-5)","background-image":"","background-repeat":"repeat","background-position":"center center","background-size":"auto","background-attachment":"scroll","background-type":"","background-media":"","overlay-type":"","overlay-color":"","overlay-opacity":"","overlay-gradient":""},"mobile":{"background-color":"var(--ast-global-color-5)","background-image":"","background-repeat":"repeat","background-position":"center center","background-size":"auto","background-attachment":"scroll","background-type":"","background-media":"","overlay-type":"","overlay-color":"","overlay-opacity":"","overlay-gradient":""}},"footnotes":""},"class_list":["post-17","page","type-page","status-publish","hentry"],"uagb_featured_image_src":{"full":false,"thumbnail":false,"medium":false,"medium_large":false,"large":false,"1536x1536":false,"2048x2048":false},"uagb_author_info":{"display_name":"admin","author_link":"https:\/\/alvaroestada.es\/blog\/author\/admin\/"},"uagb_comment_info":0,"uagb_excerpt":"Impulsa tu carrera \u00bfCon qu\u00e9 te puedo ayudar?","_links":{"self":[{"href":"https:\/\/alvaroestada.es\/blog\/wp-json\/wp\/v2\/pages\/17","targetHints":{"allow":["GET"]}}],"collection":[{"href":"https:\/\/alvaroestada.es\/blog\/wp-json\/wp\/v2\/pages"}],"about":[{"href":"https:\/\/alvaroestada.es\/blog\/wp-json\/wp\/v2\/types\/page"}],"author":[{"embeddable":true,"href":"https:\/\/alvaroestada.es\/blog\/wp-json\/wp\/v2\/users\/1"}],"replies":[{"embeddable":true,"href":"https:\/\/alvaroestada.es\/blog\/wp-json\/wp\/v2\/comments?post=17"}],"version-history":[{"count":5,"href":"https:\/\/alvaroestada.es\/blog\/wp-json\/wp\/v2\/pages\/17\/revisions"}],"predecessor-version":[{"id":318,"href":"https:\/\/alvaroestada.es\/blog\/wp-json\/wp\/v2\/pages\/17\/revisions\/318"}],"wp:attachment":[{"href":"https:\/\/alvaroestada.es\/blog\/wp-json\/wp\/v2\/media?parent=17"}],"curies":[{"name":"wp","href":"https:\/\/api.w.org\/{rel}","templated":true}]}}