{"id":250,"date":"2025-06-18T21:53:21","date_gmt":"2025-06-18T21:53:21","guid":{"rendered":"https:\/\/alvaroestada.es\/blog\/?page_id=250"},"modified":"2025-06-20T09:32:44","modified_gmt":"2025-06-20T09:32:44","slug":"home-2","status":"publish","type":"page","link":"https:\/\/alvaroestada.es\/blog\/","title":{"rendered":"Home"},"content":{"rendered":"\n<div class=\"wp-block-uagb-container uagb-block-eb0aa213 alignfull uagb-is-root-container\"><div class=\"uagb-container-inner-blocks-wrap\">\n<div class=\"wp-block-uagb-container uagb-layout-grid uagb-block-77137965\">\n<div class=\"wp-block-uagb-advanced-heading uagb-block-b371cc12\"><p class=\"uagb-desc-text\">Redacci\u00f3n Efectiva<\/p><h1 class=\"uagb-heading-text\">Avanza a pasos de gigante con la ayuda del marketing digital.<\/h1><\/div>\n\n\n\n<div class=\"wp-block-uagb-info-box uagb-block-aeecc106 uagb-infobox__content-wrap  uagb-infobox-icon-above-title uagb-infobox-image-valign-top wp-block-uagb-info-box--has-margin\"><div class=\"uagb-infobox-margin-wrapper\"><div class=\"uagb-ifb-content\"><div class=\"uagb-ifb-title-wrap\"><\/div><p class=\"uagb-ifb-desc\">D\u00e9jame que te eche una mano con tu empresa. Con el marketing digital de nuestra mano, se pueden construir grandes cosas.<\/p><div class=\"uagb-ifb-button-wrapper wp-block-button\"><a href=\"https:\/\/alvaroestada.es\/blog\/contact\/\" class=\"uagb-infobox-cta-link wp-block-button__link\" target=\"_self\" rel=\"noopener noreferrer\" onclick=\"return true;\"><span class=\"uagb-inline-editing\">Comienza Ahora<\/span><\/a><\/div><\/div><\/div><\/div>\n<\/div>\n\n\n\n<div class=\"wp-block-uagb-image alignleft uagb-block-92247bfd wp-block-uagb-image--layout-default wp-block-uagb-image--effect-static wp-block-uagb-image--align-left\"><figure class=\"wp-block-uagb-image__figure\"><img loading=\"lazy\" decoding=\"async\" srcset=\"https:\/\/multipurpose27.ziptemplates.top\/wp-content\/uploads\/2024\/06\/heros-img-1024x683.jpg ,https:\/\/alvaroestada.es\/blog\/wp-content\/uploads\/2024\/06\/heros-img-scaled-1.jpg 780w, https:\/\/alvaroestada.es\/blog\/wp-content\/uploads\/2024\/06\/heros-img-scaled-1.jpg 360w\" sizes=\"auto, (max-width: 480px) 150px\" src=\"https:\/\/multipurpose27.ziptemplates.top\/wp-content\/uploads\/2024\/06\/heros-img-1024x683.jpg\" alt=\"\" class=\"uag-image-248\" width=\"1200\" height=\"450\" title=\"heros-img\" loading=\"lazy\" role=\"img\"\/><\/figure><\/div>\n<\/div><\/div>\n\n\n\n<div class=\"wp-block-uagb-container uagb-layout-grid uagb-block-28fa86dc alignfull uagb-is-root-container\"><div class=\"uagb-container-inner-blocks-wrap\">\n<div class=\"wp-block-uagb-image uagb-block-0be442bf wp-block-uagb-image--layout-default wp-block-uagb-image--effect-static wp-block-uagb-image--align-none\"><figure class=\"wp-block-uagb-image__figure\"><img loading=\"lazy\" decoding=\"async\" srcset=\"https:\/\/alvaroestada.es\/blog\/wp-content\/uploads\/2024\/05\/about-us.jpg ,https:\/\/alvaroestada.es\/blog\/wp-content\/uploads\/2024\/05\/about-us.jpg 780w, https:\/\/alvaroestada.es\/blog\/wp-content\/uploads\/2024\/05\/about-us.jpg 360w\" sizes=\"auto, (max-width: 480px) 150px\" src=\"https:\/\/alvaroestada.es\/blog\/wp-content\/uploads\/2024\/05\/about-us.jpg\" alt=\"\" class=\"uag-image-44\" width=\"560\" height=\"500\" title=\"about-us\" loading=\"lazy\" role=\"img\"\/><\/figure><\/div>\n\n\n\n<div class=\"wp-block-uagb-info-box uagb-block-f3852b2e uagb-infobox__content-wrap  uagb-infobox-icon-above-title uagb-infobox-image-valign-top wp-block-uagb-info-box--has-margin\"><div class=\"uagb-infobox-margin-wrapper\"><div class=\"uagb-ifb-content\"><div class=\"uagb-ifb-title-wrap\"><span class=\"uagb-ifb-title-prefix\">Acerca de<\/span><h2 class=\"uagb-ifb-title\">La historia de \u00c1lvaro Estada en redacci\u00f3n de curr\u00edculums<\/h2><\/div><p class=\"uagb-ifb-desc\">En \u00c1lvaro Estada, nos especializamos en crear curr\u00edculums adaptados a las tendencias del marketing digital, destacando talentos en inteligencia artificial y automatizaci\u00f3n.<\/p><div class=\"uagb-ifb-button-wrapper wp-block-button\"><a href=\"www.linkedin.com\/in\/ \u00e1lvaro-rodr\u00edguez-74735b261\" class=\"uagb-infobox-cta-link wp-block-button__link\" target=\"_blank\" rel=\"noopener noreferrer\" onclick=\"return true;\"><span class=\"uagb-inline-editing\">SABER M\u00c1S<\/span><\/a><\/div><\/div><\/div><\/div>\n<\/div><\/div>\n\n\n\n<div class=\"wp-block-uagb-container uagb-block-2bbc57c7 alignfull uagb-is-root-container\"><div class=\"uagb-container-inner-blocks-wrap\">\n<div class=\"wp-block-uagb-advanced-heading uagb-block-7b6eba87\"><p class=\"uagb-desc-text\">Servicios<\/p><h2 class=\"uagb-heading-text\">\u00bfCon qu\u00e9 te puedo ayudar?<\/h2><\/div>\n\n\n\n<div class=\"wp-block-uagb-container uagb-block-0fdda6ff\">\n<div class=\"wp-block-uagb-container uagb-block-04cba7a5\">\n<div class=\"wp-block-uagb-info-box uagb-block-e4c7a34e uagb-infobox__content-wrap  uagb-infobox-icon-above-title uagb-infobox-image-valign-top wp-block-uagb-info-box--has-margin\"><div class=\"uagb-infobox-margin-wrapper\"><div class=\"uagb-ifb-content\"><div class=\"uagb-ifb-title-wrap\"><h2 class=\"uagb-ifb-title-prefix\">01.<\/h2><h3 class=\"uagb-ifb-title\">Dise\u00f1o web con WordPress<\/h3><\/div><p class=\"uagb-ifb-desc\">Creaci\u00f3n de sitios optimizados en WordPress con enfoque en conversi\u00f3n, velocidad y experiencia de usuario..<\/p><\/div><\/div><\/div>\n<\/div>\n\n\n\n<div class=\"wp-block-uagb-container uagb-block-b80cdc99\">\n<div class=\"wp-block-uagb-info-box uagb-block-281474da uagb-infobox__content-wrap  uagb-infobox-icon-above-title uagb-infobox-image-valign-top wp-block-uagb-info-box--has-margin\"><div class=\"uagb-infobox-margin-wrapper\"><div class=\"uagb-ifb-content\"><div class=\"uagb-ifb-title-wrap\"><h2 class=\"uagb-ifb-title-prefix\">02.<\/h2><h3 class=\"uagb-ifb-title\">Automatizaci\u00f3n con IA<\/h3><\/div><p class=\"uagb-ifb-desc\">Dise\u00f1o e implementaci\u00f3n de automatizaciones sin c\u00f3digo que conectan tus apps favoritas, optimizan tareas repetitivas y aumentan tu productividad.<\/p><\/div><\/div><\/div>\n<\/div>\n\n\n\n<div class=\"wp-block-uagb-container uagb-block-8a1354b6\">\n<div class=\"wp-block-uagb-info-box uagb-block-c9efee38 uagb-infobox__content-wrap  uagb-infobox-icon-above-title uagb-infobox-image-valign-top wp-block-uagb-info-box--has-margin\"><div class=\"uagb-infobox-margin-wrapper\"><div class=\"uagb-ifb-content\"><div class=\"uagb-ifb-title-wrap\"><h2 class=\"uagb-ifb-title-prefix\">03.<\/h2><h3 class=\"uagb-ifb-title\">IA for business<\/h3><\/div><p class=\"uagb-ifb-desc\">Implementaci\u00f3n de herramientas de inteligencia artificial para ahorrar tiempo y maximizar resultados.<\/p><\/div><\/div><\/div>\n<\/div>\n<\/div>\n<\/div><\/div>\n\n\n\n<div class=\"wp-block-uagb-container uagb-block-43900d48 alignfull uagb-is-root-container\"><div class=\"uagb-container-inner-blocks-wrap\">\n<div class=\"wp-block-uagb-container uag-blocks-common-selector uagb-layout-grid uagb-block-3dc33a14 default uagb-is-root-container\">\n<div class=\"wp-block-uagb-advanced-heading uagb-block-0e7c4e68\"><h2 class=\"uagb-heading-text\">Dale un impulso a tu empresa<\/h2><\/div>\n\n\n\n<div class=\"wp-block-uagb-buttons uagb-buttons__outer-wrap uagb-btn__default-btn uagb-btn-tablet__default-btn uagb-btn-mobile__default-btn uagb-block-70776913\"><div class=\"uagb-buttons__wrap uagb-buttons-layout-wrap \">\n<div class=\"wp-block-uagb-buttons-child uagb-buttons__outer-wrap uagb-block-839f0188 wp-block-button\"><div class=\"uagb-button__wrapper\"><a class=\"uagb-buttons-repeater wp-block-button__link\" aria-label=\"\" href=\"contact\/\" rel=\"follow noopener\" target=\"_self\" role=\"button\"><div class=\"uagb-button__link\">Comienza Ahora<\/div><\/a><\/div><\/div>\n<\/div><\/div>\n<\/div>\n\n\n\n<div class=\"wp-block-uagb-advanced-heading uagb-block-2d8b3864\"><p class=\"uagb-desc-text\">Mi  Propuesta<\/p><h2 class=\"uagb-heading-text\">Diferenciaci\u00f3n a trav\u00e9s de la innovaci\u00f3n y estrategia<\/h2><\/div>\n\n\n\n<div class=\"wp-block-uagb-container uagb-block-6724c035\">\n<div class=\"wp-block-uagb-info-box uagb-block-de372885 uagb-infobox__content-wrap  uagb-infobox-icon-above-title uagb-infobox-image-valign-top\"><div class=\"uagb-ifb-content\"><div class=\"uagb-ifb-icon-wrap\"><div class=\"uagb-iconbox-icon-wrap uagb-infobox-shape-circle\"><svg xmlns=\"https:\/\/www.w3.org\/2000\/svg\" viewBox=\"0 0 448 512\"><path d=\"M438.6 105.4C451.1 117.9 451.1 138.1 438.6 150.6L182.6 406.6C170.1 419.1 149.9 419.1 137.4 406.6L9.372 278.6C-3.124 266.1-3.124 245.9 9.372 233.4C21.87 220.9 42.13 220.9 54.63 233.4L159.1 338.7L393.4 105.4C405.9 92.88 426.1 92.88 438.6 105.4H438.6z\"><\/path><\/svg><\/div><\/div><div class=\"uagb-ifb-title-wrap\"><h3 class=\"uagb-ifb-title\">Atenci\u00f3n personalizada<\/h3><\/div><p class=\"uagb-ifb-desc\">Los problemas vienen cuando vienen y procuro estar ah\u00ed cuando se me necesita, tus necesidades son sagradas.<\/p><\/div><\/div>\n\n\n\n<div class=\"wp-block-uagb-info-box uagb-block-6ccedceb uagb-infobox__content-wrap  uagb-infobox-icon-above-title uagb-infobox-image-valign-top\"><div class=\"uagb-ifb-content\"><div class=\"uagb-ifb-icon-wrap\"><div class=\"uagb-iconbox-icon-wrap uagb-infobox-shape-circle\"><svg xmlns=\"https:\/\/www.w3.org\/2000\/svg\" viewBox=\"0 0 448 512\"><path d=\"M438.6 105.4C451.1 117.9 451.1 138.1 438.6 150.6L182.6 406.6C170.1 419.1 149.9 419.1 137.4 406.6L9.372 278.6C-3.124 266.1-3.124 245.9 9.372 233.4C21.87 220.9 42.13 220.9 54.63 233.4L159.1 338.7L393.4 105.4C405.9 92.88 426.1 92.88 438.6 105.4H438.6z\"><\/path><\/svg><\/div><\/div><div class=\"uagb-ifb-title-wrap\"><h3 class=\"uagb-ifb-title\">Enfoque en IA<\/h3><\/div><p class=\"uagb-ifb-desc\">Integraci\u00f3n de la inteligencia artificial en la redacci\u00f3n para un impacto \u00f3ptimo en la selecci\u00f3n de talento.<\/p><\/div><\/div>\n\n\n\n<div class=\"wp-block-uagb-info-box uagb-block-633f3615 uagb-infobox__content-wrap  uagb-infobox-icon-above-title uagb-infobox-image-valign-top\"><div class=\"uagb-ifb-content\"><div class=\"uagb-ifb-icon-wrap\"><div class=\"uagb-iconbox-icon-wrap uagb-infobox-shape-circle\"><svg xmlns=\"https:\/\/www.w3.org\/2000\/svg\" viewBox=\"0 0 448 512\"><path d=\"M438.6 105.4C451.1 117.9 451.1 138.1 438.6 150.6L182.6 406.6C170.1 419.1 149.9 419.1 137.4 406.6L9.372 278.6C-3.124 266.1-3.124 245.9 9.372 233.4C21.87 220.9 42.13 220.9 54.63 233.4L159.1 338.7L393.4 105.4C405.9 92.88 426.1 92.88 438.6 105.4H438.6z\"><\/path><\/svg><\/div><\/div><div class=\"uagb-ifb-title-wrap\"><h3 class=\"uagb-ifb-title\">Creatividad <\/h3><\/div><p class=\"uagb-ifb-desc\">Combinamos creatividad y an\u00e1lisis de datos para un realizar un trabajo bien hecho y funcional.<\/p><\/div><\/div>\n<\/div>\n<\/div><\/div>\n\n\n\n<div class=\"wp-block-uagb-container uagb-block-25bbc344 alignfull uagb-is-root-container\"><div class=\"uagb-container-inner-blocks-wrap\">\n<div class=\"wp-block-uagb-advanced-heading uagb-block-04a82708\"><p class=\"uagb-desc-text\">C\u00f3mo Trabajamos<\/p><h2 class=\"uagb-heading-text\">Un enfoque colaborativo para nuestro \u00e9xito profesional<\/h2><\/div>\n\n\n\n<div class=\"wp-block-uagb-container uagb-block-80f61d17\">\n<div class=\"wp-block-uagb-info-box uagb-block-db6bb407 uagb-infobox__content-wrap  uagb-infobox-icon-above-title uagb-infobox-image-valign-top wp-block-uagb-info-box--has-margin\"><div class=\"uagb-infobox-margin-wrapper\"><div class=\"uagb-ifb-content\"><div class=\"uagb-ifb-title-wrap\"><p class=\"uagb-ifb-title-prefix\">Step-01<\/p><h3 class=\"uagb-ifb-title\">Consulta Inicial<\/h3><\/div><p class=\"uagb-ifb-desc\">Te escuchamos para entender tus necesidades y objetivos profesionales y desarrollamos una propuesta de trabajo.<\/p><\/div><\/div><\/div>\n\n\n\n<div class=\"wp-block-uagb-info-box uagb-block-b239141f uagb-infobox__content-wrap  uagb-infobox-icon-above-title uagb-infobox-image-valign-top wp-block-uagb-info-box--has-margin\"><div class=\"uagb-infobox-margin-wrapper\"><div class=\"uagb-ifb-content\"><div class=\"uagb-ifb-title-wrap\"><p class=\"uagb-ifb-title-prefix\">Step-02<\/p><h3 class=\"uagb-ifb-title\">Implementaci\u00f3n de ideas<\/h3><\/div><p class=\"uagb-ifb-desc\">Ejecutamos nuestra propuesta y trabajamos con tu aprobaci\u00f3n. Nos gusta que form\u00e9is parte de todo el proceso.<\/p><\/div><\/div><\/div>\n\n\n\n<div class=\"wp-block-uagb-info-box uagb-block-69a69e5d uagb-infobox__content-wrap  uagb-infobox-icon-above-title uagb-infobox-image-valign-top wp-block-uagb-info-box--has-margin\"><div class=\"uagb-infobox-margin-wrapper\"><div class=\"uagb-ifb-content\"><div class=\"uagb-ifb-title-wrap\"><p class=\"uagb-ifb-title-prefix\">Step-03<\/p><h3 class=\"uagb-ifb-title\">Revisi\u00f3n y Ajustes<\/h3><\/div><p class=\"uagb-ifb-desc\">Realizamos revisiones basadas en tus comentarios para asegurar que est\u00e9s satisfecho.<\/p><\/div><\/div><\/div>\n<\/div>\n<\/div><\/div>\n\n\n\n<div class=\"wp-block-uagb-container uagb-block-353480fd alignfull uagb-is-root-container\"><div class=\"uagb-container-inner-blocks-wrap\">\n<div class=\"wp-block-uagb-info-box uagb-block-289af9f9 uagb-infobox__content-wrap  uagb-infobox-icon-above-title uagb-infobox-image-valign-top\"><div class=\"uagb-ifb-content\"><div class=\"uagb-ifb-title-wrap\"><h2 class=\"uagb-ifb-title\">Transforma tu futuro corporativo hoy mismo<\/h2><\/div><p class=\"uagb-ifb-desc\">Contacta conmigo y comienza a destacar en el competitivo mercado laboral.<\/p><div class=\"uagb-ifb-button-wrapper wp-block-button\"><a href=\"https:\/\/wa.link\/3gd1ao\" class=\"uagb-infobox-cta-link wp-block-button__link\" target=\"_blank\" rel=\"noopener noreferrer\" onclick=\"return true;\"><span class=\"uagb-inline-editing\">Comienza Ahora<\/span><\/a><\/div><\/div><\/div>\n<\/div><\/div>\n","protected":false},"excerpt":{"rendered":"<p>Redacci\u00f3n Efectiva Avanza a pasos de gigante con la ayuda del marketing digital. Servicios \u00bfCon qu\u00e9 te puedo ayudar? Dale [&hellip;]<\/p>\n","protected":false},"author":1,"featured_media":0,"parent":0,"menu_order":0,"comment_status":"closed","ping_status":"closed","template":"","meta":{"_uag_custom_page_level_css":"","site-sidebar-layout":"default","site-content-layout":"","ast-site-content-layout":"default","site-content-style":"default","site-sidebar-style":"default","ast-global-header-display":"","ast-banner-title-visibility":"","ast-main-header-display":"","ast-hfb-above-header-display":"","ast-hfb-below-header-display":"","ast-hfb-mobile-header-display":"","site-post-title":"disabled","ast-breadcrumbs-content":"","ast-featured-img":"","footer-sml-layout":"","ast-disable-related-posts":"","theme-transparent-header-meta":"","adv-header-id-meta":"","stick-header-meta":"","header-above-stick-meta":"","header-main-stick-meta":"","header-below-stick-meta":"","astra-migrate-meta-layouts":"default","ast-page-background-enabled":"default","ast-page-background-meta":{"desktop":{"background-color":"var(--ast-global-color-4)","background-image":"","background-repeat":"repeat","background-position":"center center","background-size":"auto","background-attachment":"scroll","background-type":"","background-media":"","overlay-type":"","overlay-color":"","overlay-opacity":"","overlay-gradient":""},"tablet":{"background-color":"","background-image":"","background-repeat":"repeat","background-position":"center center","background-size":"auto","background-attachment":"scroll","background-type":"","background-media":"","overlay-type":"","overlay-color":"","overlay-opacity":"","overlay-gradient":""},"mobile":{"background-color":"","background-image":"","background-repeat":"repeat","background-position":"center center","background-size":"auto","background-attachment":"scroll","background-type":"","background-media":"","overlay-type":"","overlay-color":"","overlay-opacity":"","overlay-gradient":""}},"ast-content-background-meta":{"desktop":{"background-color":"var(--ast-global-color-5)","background-image":"","background-repeat":"repeat","background-position":"center center","background-size":"auto","background-attachment":"scroll","background-type":"","background-media":"","overlay-type":"","overlay-color":"","overlay-opacity":"","overlay-gradient":""},"tablet":{"background-color":"var(--ast-global-color-5)","background-image":"","background-repeat":"repeat","background-position":"center center","background-size":"auto","background-attachment":"scroll","background-type":"","background-media":"","overlay-type":"","overlay-color":"","overlay-opacity":"","overlay-gradient":""},"mobile":{"background-color":"var(--ast-global-color-5)","background-image":"","background-repeat":"repeat","background-position":"center center","background-size":"auto","background-attachment":"scroll","background-type":"","background-media":"","overlay-type":"","overlay-color":"","overlay-opacity":"","overlay-gradient":""}},"footnotes":""},"class_list":["post-250","page","type-page","status-publish","hentry"],"uagb_featured_image_src":{"full":false,"thumbnail":false,"medium":false,"medium_large":false,"large":false,"1536x1536":false,"2048x2048":false},"uagb_author_info":{"display_name":"admin","author_link":"https:\/\/alvaroestada.es\/blog\/author\/admin\/"},"uagb_comment_info":0,"uagb_excerpt":"Redacci\u00f3n Efectiva Avanza a pasos de gigante con la ayuda del marketing digital. Servicios \u00bfCon qu\u00e9 te puedo ayudar? Dale [&hellip;]","_links":{"self":[{"href":"https:\/\/alvaroestada.es\/blog\/wp-json\/wp\/v2\/pages\/250","targetHints":{"allow":["GET"]}}],"collection":[{"href":"https:\/\/alvaroestada.es\/blog\/wp-json\/wp\/v2\/pages"}],"about":[{"href":"https:\/\/alvaroestada.es\/blog\/wp-json\/wp\/v2\/types\/page"}],"author":[{"embeddable":true,"href":"https:\/\/alvaroestada.es\/blog\/wp-json\/wp\/v2\/users\/1"}],"replies":[{"embeddable":true,"href":"https:\/\/alvaroestada.es\/blog\/wp-json\/wp\/v2\/comments?post=250"}],"version-history":[{"count":9,"href":"https:\/\/alvaroestada.es\/blog\/wp-json\/wp\/v2\/pages\/250\/revisions"}],"predecessor-version":[{"id":339,"href":"https:\/\/alvaroestada.es\/blog\/wp-json\/wp\/v2\/pages\/250\/revisions\/339"}],"wp:attachment":[{"href":"https:\/\/alvaroestada.es\/blog\/wp-json\/wp\/v2\/media?parent=250"}],"curies":[{"name":"wp","href":"https:\/\/api.w.org\/{rel}","templated":true}]}}